{"id":3149,"date":"2026-05-01T11:00:36","date_gmt":"2026-05-01T09:00:36","guid":{"rendered":"https:\/\/jessiesbabyspa.nl\/?post_type=product&#038;p=3149"},"modified":"2026-05-01T11:00:36","modified_gmt":"2026-05-01T09:00:36","slug":"lipbalm-cherry","status":"publish","type":"product","link":"https:\/\/jessiesbabyspa.nl\/index.php\/product\/lipbalm-cherry\/","title":{"rendered":"Lipbalm Cherry"},"content":{"rendered":"<div class=\"woocommerce-product-details__short-description clearfix mt-3\">\n<p>Heerlijke lippenbalsem die je lippen kleur en glans geeft. Vol met bijzondere ingredi\u00ebnten, zoals coffee cherry extract bomvol antioxidanten. Plus candelillawas voor een mooie glans. Deze supermooie ingredi\u00ebnten maken je lippen weer zoenzacht, zonder je huid af te sluiten. De lipbalm bevat namelijk geen minerale oli\u00ebn, petroleum of paraffine.<\/p>\n<\/div>\n<div class=\"product-usp loveli-heart-list\">\n<ul>\n<li>Vol antioxidanten van de coffee cherry.<\/li>\n<li>Met bessenwas en kokosolie, dus helemaal vegan.<\/li>\n<li>Geeft de kleur van pas gezoende lippen.<\/li>\n<\/ul>\n<p>Inhoud: 6ml<\/p>\n<\/div>\n","protected":false},"excerpt":{"rendered":"<p>Heerlijke lippenbalsem die je lippen kleur en glans geeft. Vol met bijzondere ingredi\u00ebnten, zoals coffee cherry extract bomvol antioxidanten. Plus candelillawas voor een mooie glans. Deze supermooie ingredi\u00ebnten maken je lippen weer zoenzacht, zonder je huid af te sluiten. De lipbalm bevat namelijk geen minerale oli\u00ebn, petroleum of paraffine. Vol antioxidanten van de coffee cherry. [&hellip;]<\/p>\n","protected":false},"featured_media":3142,"template":"","meta":{"site-sidebar-layout":"default","site-content-layout":"","ast-site-content-layout":"default","site-content-style":"default","site-sidebar-style":"default","ast-global-header-display":"","ast-banner-title-visibility":"","ast-main-header-display":"","ast-hfb-above-header-display":"","ast-hfb-below-header-display":"","ast-hfb-mobile-header-display":"","site-post-title":"","ast-breadcrumbs-content":"","ast-featured-img":"","footer-sml-layout":"","theme-transparent-header-meta":"default","adv-header-id-meta":"","stick-header-meta":"","header-above-stick-meta":"","header-main-stick-meta":"","header-below-stick-meta":"","astra-migrate-meta-layouts":"set","ast-page-background-enabled":"default","ast-page-background-meta":{"desktop":{"background-color":"","background-image":"","background-repeat":"repeat","background-position":"center center","background-size":"auto","background-attachment":"scroll","background-type":"","background-media":"","overlay-type":"","overlay-color":"","overlay-opacity":"","overlay-gradient":""},"tablet":{"background-color":"","background-image":"","background-repeat":"repeat","background-position":"center center","background-size":"auto","background-attachment":"scroll","background-type":"","background-media":"","overlay-type":"","overlay-color":"","overlay-opacity":"","overlay-gradient":""},"mobile":{"background-color":"","background-image":"","background-repeat":"repeat","background-position":"center center","background-size":"auto","background-attachment":"scroll","background-type":"","background-media":"","overlay-type":"","overlay-color":"","overlay-opacity":"","overlay-gradient":""}},"ast-content-background-meta":{"desktop":{"background-color":"var(--ast-global-color-5)","background-image":"","background-repeat":"repeat","background-position":"center center","background-size":"auto","background-attachment":"scroll","background-type":"","background-media":"","overlay-type":"","overlay-color":"","overlay-opacity":"","overlay-gradient":""},"tablet":{"background-color":"var(--ast-global-color-5)","background-image":"","background-repeat":"repeat","background-position":"center center","background-size":"auto","background-attachment":"scroll","background-type":"","background-media":"","overlay-type":"","overlay-color":"","overlay-opacity":"","overlay-gradient":""},"mobile":{"background-color":"var(--ast-global-color-5)","background-image":"","background-repeat":"repeat","background-position":"center center","background-size":"auto","background-attachment":"scroll","background-type":"","background-media":"","overlay-type":"","overlay-color":"","overlay-opacity":"","overlay-gradient":""}}},"product_brand":[],"product_cat":[38],"product_tag":[43],"class_list":{"0":"post-3149","1":"product","2":"type-product","3":"status-publish","4":"has-post-thumbnail","6":"product_cat-loveli","7":"product_tag-lipbalm","8":"desktop-align-left","9":"tablet-align-left","10":"mobile-align-left","12":"first","13":"instock","14":"taxable","15":"shipping-taxable","16":"purchasable","17":"product-type-simple"},"_links":{"self":[{"href":"https:\/\/jessiesbabyspa.nl\/index.php\/wp-json\/wp\/v2\/product\/3149","targetHints":{"allow":["GET"]}}],"collection":[{"href":"https:\/\/jessiesbabyspa.nl\/index.php\/wp-json\/wp\/v2\/product"}],"about":[{"href":"https:\/\/jessiesbabyspa.nl\/index.php\/wp-json\/wp\/v2\/types\/product"}],"wp:featuredmedia":[{"embeddable":true,"href":"https:\/\/jessiesbabyspa.nl\/index.php\/wp-json\/wp\/v2\/media\/3142"}],"wp:attachment":[{"href":"https:\/\/jessiesbabyspa.nl\/index.php\/wp-json\/wp\/v2\/media?parent=3149"}],"wp:term":[{"taxonomy":"product_brand","embeddable":true,"href":"https:\/\/jessiesbabyspa.nl\/index.php\/wp-json\/wp\/v2\/product_brand?post=3149"},{"taxonomy":"product_cat","embeddable":true,"href":"https:\/\/jessiesbabyspa.nl\/index.php\/wp-json\/wp\/v2\/product_cat?post=3149"},{"taxonomy":"product_tag","embeddable":true,"href":"https:\/\/jessiesbabyspa.nl\/index.php\/wp-json\/wp\/v2\/product_tag?post=3149"}],"curies":[{"name":"wp","href":"https:\/\/api.w.org\/{rel}","templated":true}]}}