{"id":3150,"date":"2026-05-01T11:01:51","date_gmt":"2026-05-01T09:01:51","guid":{"rendered":"https:\/\/jessiesbabyspa.nl\/?post_type=product&#038;p=3150"},"modified":"2026-05-01T11:01:51","modified_gmt":"2026-05-01T09:01:51","slug":"lipbalm-peach","status":"publish","type":"product","link":"https:\/\/jessiesbabyspa.nl\/index.php\/product\/lipbalm-peach\/","title":{"rendered":"Lipbalm Peach"},"content":{"rendered":"<div class=\"woocommerce-product-details__short-description clearfix mt-3\">\n<p>Heerlijke lippenbalsem die je lippen een prachtige glans geeft. Vol met bijzondere oli\u00ebn, zoals perzikolie voor zijdezachte lippen. Plus candelillawas voor een mooie glans. Deze supermooie ingredi\u00ebnten maken je lippen weer zoenzacht, zonder je huid af te sluiten. De lipbalm bevat namelijk geen minerale oli\u00ebn, petroleum of paraffine.<\/p>\n<\/div>\n<div class=\"product-usp loveli-heart-list\">\n<ul>\n<li>Met perzikolie voor superzachte lippen.<\/li>\n<li>Met bessenwas en kokosolie, dus helemaal vegan.<\/li>\n<li>Geeft je lippen prachtige glans.<\/li>\n<\/ul>\n<p>Inhoud: 6ml<\/p>\n<\/div>\n","protected":false},"excerpt":{"rendered":"<p>Heerlijke lippenbalsem die je lippen een prachtige glans geeft. Vol met bijzondere oli\u00ebn, zoals perzikolie voor zijdezachte lippen. Plus candelillawas voor een mooie glans. Deze supermooie ingredi\u00ebnten maken je lippen weer zoenzacht, zonder je huid af te sluiten. De lipbalm bevat namelijk geen minerale oli\u00ebn, petroleum of paraffine. Met perzikolie voor superzachte lippen. Met bessenwas [&hellip;]<\/p>\n","protected":false},"featured_media":3143,"template":"","meta":{"site-sidebar-layout":"default","site-content-layout":"","ast-site-content-layout":"default","site-content-style":"default","site-sidebar-style":"default","ast-global-header-display":"","ast-banner-title-visibility":"","ast-main-header-display":"","ast-hfb-above-header-display":"","ast-hfb-below-header-display":"","ast-hfb-mobile-header-display":"","site-post-title":"","ast-breadcrumbs-content":"","ast-featured-img":"","footer-sml-layout":"","theme-transparent-header-meta":"default","adv-header-id-meta":"","stick-header-meta":"","header-above-stick-meta":"","header-main-stick-meta":"","header-below-stick-meta":"","astra-migrate-meta-layouts":"set","ast-page-background-enabled":"default","ast-page-background-meta":{"desktop":{"background-color":"","background-image":"","background-repeat":"repeat","background-position":"center center","background-size":"auto","background-attachment":"scroll","background-type":"","background-media":"","overlay-type":"","overlay-color":"","overlay-opacity":"","overlay-gradient":""},"tablet":{"background-color":"","background-image":"","background-repeat":"repeat","background-position":"center center","background-size":"auto","background-attachment":"scroll","background-type":"","background-media":"","overlay-type":"","overlay-color":"","overlay-opacity":"","overlay-gradient":""},"mobile":{"background-color":"","background-image":"","background-repeat":"repeat","background-position":"center center","background-size":"auto","background-attachment":"scroll","background-type":"","background-media":"","overlay-type":"","overlay-color":"","overlay-opacity":"","overlay-gradient":""}},"ast-content-background-meta":{"desktop":{"background-color":"var(--ast-global-color-5)","background-image":"","background-repeat":"repeat","background-position":"center center","background-size":"auto","background-attachment":"scroll","background-type":"","background-media":"","overlay-type":"","overlay-color":"","overlay-opacity":"","overlay-gradient":""},"tablet":{"background-color":"var(--ast-global-color-5)","background-image":"","background-repeat":"repeat","background-position":"center center","background-size":"auto","background-attachment":"scroll","background-type":"","background-media":"","overlay-type":"","overlay-color":"","overlay-opacity":"","overlay-gradient":""},"mobile":{"background-color":"var(--ast-global-color-5)","background-image":"","background-repeat":"repeat","background-position":"center center","background-size":"auto","background-attachment":"scroll","background-type":"","background-media":"","overlay-type":"","overlay-color":"","overlay-opacity":"","overlay-gradient":""}}},"product_brand":[],"product_cat":[38],"product_tag":[43],"class_list":{"0":"post-3150","1":"product","2":"type-product","3":"status-publish","4":"has-post-thumbnail","6":"product_cat-loveli","7":"product_tag-lipbalm","8":"desktop-align-left","9":"tablet-align-left","10":"mobile-align-left","12":"first","13":"instock","14":"taxable","15":"shipping-taxable","16":"purchasable","17":"product-type-simple"},"_links":{"self":[{"href":"https:\/\/jessiesbabyspa.nl\/index.php\/wp-json\/wp\/v2\/product\/3150","targetHints":{"allow":["GET"]}}],"collection":[{"href":"https:\/\/jessiesbabyspa.nl\/index.php\/wp-json\/wp\/v2\/product"}],"about":[{"href":"https:\/\/jessiesbabyspa.nl\/index.php\/wp-json\/wp\/v2\/types\/product"}],"wp:featuredmedia":[{"embeddable":true,"href":"https:\/\/jessiesbabyspa.nl\/index.php\/wp-json\/wp\/v2\/media\/3143"}],"wp:attachment":[{"href":"https:\/\/jessiesbabyspa.nl\/index.php\/wp-json\/wp\/v2\/media?parent=3150"}],"wp:term":[{"taxonomy":"product_brand","embeddable":true,"href":"https:\/\/jessiesbabyspa.nl\/index.php\/wp-json\/wp\/v2\/product_brand?post=3150"},{"taxonomy":"product_cat","embeddable":true,"href":"https:\/\/jessiesbabyspa.nl\/index.php\/wp-json\/wp\/v2\/product_cat?post=3150"},{"taxonomy":"product_tag","embeddable":true,"href":"https:\/\/jessiesbabyspa.nl\/index.php\/wp-json\/wp\/v2\/product_tag?post=3150"}],"curies":[{"name":"wp","href":"https:\/\/api.w.org\/{rel}","templated":true}]}}